{"id":692,"date":"2017-12-06T12:23:36","date_gmt":"2017-12-06T11:23:36","guid":{"rendered":"https:\/\/salamedifelino.museidelcibo.it\/audioguida\/"},"modified":"2024-12-09T16:31:56","modified_gmt":"2024-12-09T15:31:56","slug":"audio-guides-2","status":"publish","type":"page","link":"https:\/\/salamedifelino.museidelcibo.it\/en\/audio-guides-2\/","title":{"rendered":"Audio guides"},"content":{"rendered":"<div class=\"fusion-fullwidth fullwidth-box nonhundred-percent-fullwidth non-hundred-percent-height-scrolling\"  style='background-color: rgba(255,255,255,0);background-position: center center;background-repeat: no-repeat;padding-top:0px;padding-right:0px;padding-bottom:50px;padding-left:0px;'><div class=\"fusion-builder-row fusion-row \"><div  class=\"fusion-layout-column fusion_builder_column fusion_builder_column_1_1  fusion-one-full fusion-column-first fusion-column-last 1_1\"  style='margin-top:0px;margin-bottom:20px;'>\n\t\t\t\t\t<div class=\"fusion-column-wrapper\" style=\"padding: 0px 0px 0px 0px;background-position:left top;background-repeat:no-repeat;-webkit-background-size:cover;-moz-background-size:cover;-o-background-size:cover;background-size:cover;\"  data-bg-url=\"\">\n\t\t\t\t\t\t<div class=\"fusion-title title fusion-title-center fusion-title-size-two\" style=\"margin-top:10px;margin-bottom:50px;\"><div class=\"title-sep-container title-sep-container-left\"><div class=\"title-sep sep-double\" style=\"border-color:#e0dede;\"><\/div><\/div><h2 class=\"title-heading-center\"><p style=\"text-align: left;\"><em><strong>Questo servizio \u00e8 stato realizzato grazie al sostegno di Fondazione Cariparma<\/strong><\/em><\/p>\n<p><img loading=\"lazy\" class=\"alignnone wp-image-816\" src=\"https:\/\/salamedifelino.museidelcibo.it\/wp-content\/uploads\/sites\/6\/2020\/10\/Fondazione-CRP-bandiera300p.jpg\" alt=\"\" width=\"199\" height=\"65\" srcset=\"https:\/\/salamedifelino.museidelcibo.it\/wp-content\/uploads\/sites\/6\/2020\/10\/Fondazione-CRP-bandiera300p-200x65.jpg 200w, https:\/\/salamedifelino.museidelcibo.it\/wp-content\/uploads\/sites\/6\/2020\/10\/Fondazione-CRP-bandiera300p.jpg 300w\" sizes=\"(max-width: 199px) 100vw, 199px\" \/><\/p><\/h2><div class=\"title-sep-container title-sep-container-right\"><div class=\"title-sep sep-double\" style=\"border-color:#e0dede;\"><\/div><\/div><\/div><div class=\"fusion-text\"><p><img loading=\"lazy\" class=\"alignnone size-full wp-image-1213 aligncenter\" src=\"https:\/\/salamedifelino.museidelcibo.it\/wp-content\/uploads\/sites\/6\/2024\/11\/audioguida-en.jpg\" alt=\"\" width=\"400\" height=\"565\" srcset=\"https:\/\/salamedifelino.museidelcibo.it\/wp-content\/uploads\/sites\/6\/2024\/11\/audioguida-en-200x283.jpg 200w, https:\/\/salamedifelino.museidelcibo.it\/wp-content\/uploads\/sites\/6\/2024\/11\/audioguida-en-212x300.jpg 212w, https:\/\/salamedifelino.museidelcibo.it\/wp-content\/uploads\/sites\/6\/2024\/11\/audioguida-en.jpg 400w\" sizes=\"(max-width: 400px) 100vw, 400px\" \/><\/p>\n<p style=\"text-align: center;\"><a href=\"https:\/\/app.audiogiro.it\/tapes\/8b2895c1-eb60-47f3-9d82-f2fc741d7c51?utm_medium=qr\" target=\"_blank\" rel=\"noopener noreferrer\">FELINO SALAMI MUSEUM &#8211; Audioguide<\/a><\/p>\n<\/div><style type=\"text\/css\" scoped=\"scoped\">.fusion-accordian  #accordion-692-1 .panel-title a .fa-fusion-box{ color: #ffffff;}.fusion-accordian  #accordion-692-1 .panel-title a .fa-fusion-box:before{ font-size: 13px; width: 13px;}<\/style><div class=\"accordian fusion-accordian\"><div class=\"panel-group\" id=\"accordion-692-1\"><div class=\"fusion-panel panel-default\"><div class=\"panel-heading\"><h4 class=\"panel-title toggle\"><a class=\"active\" data-toggle=\"collapse\" data-target=\"#2b71cad019ceee262\" href=\"#2b71cad019ceee262\"><div class=\"fusion-toggle-icon-wrapper\"><i class=\"fa-fusion-box\"><\/i><\/div><div class=\"fusion-toggle-heading\">01 - Introduction<\/div><\/a><\/h4><\/div><div id=\"2b71cad019ceee262\" class=\"panel-collapse collapse in\"><div class=\"panel-body toggle-content\">\n<p>The Felino salami Museum is hosted in the cellars of the Castle of Felino. The \u201c<i>Castrum Filini<\/i>\u201d is documented from the 12th\u00a0century on, but probably existed before that time. It was enlarged and fortified, reaching its maximum splendor under Pier Maria Rossi in the 1400s. The ancient manor controlled the communication roads between the valleys of the torrents Parma and Baganza. It became a possession of the Bishop of Parma, and it was sold to private owners in the 20th\u00a0Century. Today, it hosts a charming restaurant. The Salami Museum is organized in five sections. The visit begins with a section showing historical documentation which testify to the relationship between Felino and the product for which it has been famous throughout the centuries, including the story of the famous black pig of Parma.<\/p>\n<\/div><\/div><\/div><div class=\"fusion-panel panel-default\"><div class=\"panel-heading\"><h4 class=\"panel-title toggle\"><a data-toggle=\"collapse\" data-target=\"#62e56afb424064d42\" href=\"#62e56afb424064d42\"><div class=\"fusion-toggle-icon-wrapper\"><i class=\"fa-fusion-box\"><\/i><\/div><div class=\"fusion-toggle-heading\">02 \u2013The territory and swine<\/div><\/a><\/h4><\/div><div id=\"62e56afb424064d42\" class=\"panel-collapse collapse \"><div class=\"panel-body toggle-content\">\n<p>The absolute symbiosis between Felino and swine dates back to the bronze age, as documented by bone fragments found among the archeological artifacts from the Monte Leoni village, located on the hills above the town village.<\/p>\n<p>In the II century B.C. Polibius notes how the majority of swine butchered in Italy and used in private use and for military food supplies came from the Plain of Padana, so rich in oak trees and acorns.<\/p>\n<p>In Roman times several types of pork meat cold cuts were documented, all with different tastes and different types of casing.\u00a0 Later, the barbaric tribes of Celtic and Lombard descent contributed to make cold cuts one of the main culinary protagonists in their traditions.<\/p>\n<p>Important iconographic documents have been found in the Parma Area dating from the Middle Ages. Sculptors from the period documented the butchering of swine to make cold cuts in the \u201ccycles of months\u201d or \u201czodiac\u201d representations found in many Romanic churches. In the Fidenza and Parma cathedrals there are representations of the killing of a pig. In the Parma Baptistery the plaque of the zodiac sign of Aquarius shows salami left to dry next to a fire. \u00a0This relationship has continued to develop up to modern times. In the 19th\u00a0Century, twelve salami manufacturers were active in the Felino territory, and the importance of this processing work was such that the laws protecting public health became more and more numerous and restrictive, giving increasingly detailed descriptions of quality controls and prohibitions. At the beginning of 1900s these laws were important for the recognition of the Felino trademark as a symbol of wholesome goodness and quality of the salami produced in the area.<\/p>\n<\/div><\/div><\/div><div class=\"fusion-panel panel-default\"><div class=\"panel-heading\"><h4 class=\"panel-title toggle\"><a data-toggle=\"collapse\" data-target=\"#2409f13b16c7567b3\" href=\"#2409f13b16c7567b3\"><div class=\"fusion-toggle-icon-wrapper\"><i class=\"fa-fusion-box\"><\/i><\/div><div class=\"fusion-toggle-heading\">03 - The Parma area Pork<\/div><\/a><\/h4><\/div><div id=\"2409f13b16c7567b3\" class=\"panel-collapse collapse \"><div class=\"panel-body toggle-content\">\n<p>The swine raised up until the 1800s was small, black and had very tasty meat. It roamed free in the woods and fed on acorns &#8211; the fruit of oak tree. This kind of feeding gave an unmistakable and somewhat characteristic aroma to its meat, and therefore to the cold cuts as well. Only at the end of the 1800s were other varieties of animals imported from England. Their size was much larger and their growth rate faster. The black swine of Parma, less productive and less economically profitable than the English races, risked disappearing. In recent times, it was saved thanks to long research and has since been reintroduced into the habitat. Today black swine cold cuts of the highest quality are produced, allowing us to taste the flavor of the past.<\/p>\n<\/div><\/div><\/div><div class=\"fusion-panel panel-default\"><div class=\"panel-heading\"><h4 class=\"panel-title toggle\"><a data-toggle=\"collapse\" data-target=\"#8394f9d4b26524ee8\" href=\"#8394f9d4b26524ee8\"><div class=\"fusion-toggle-icon-wrapper\"><i class=\"fa-fusion-box\"><\/i><\/div><div class=\"fusion-toggle-heading\">04 -The name of salami<\/div><\/a><\/h4><\/div><div id=\"8394f9d4b26524ee8\" class=\"panel-collapse collapse \"><div class=\"panel-body toggle-content\">\n<p>If we exclude the artistic representations, the first document or act relative to salami found in Parma dates from 1436, when Niccol\u00f2 Piccinino, a soldier in the service of the Duke of Milan who was headquartered in this area, ordered that<i>\u00a0\u2018p\u00f2rchos vig\u00ecnti a c\u00e0rnibus pro sall\u00e0mine\u2019\u00a0<\/i>that is \u201ctwenty pigs suitable to make salami\u201d be found for him. In the Italian language lexicon, the word salami can be found starting from 1542 and it is thought that the term derives from the medieval Latin term\u00a0<i>sal\u00e0men<\/i>\u00a0which means \u201ca mix of salty foods\u201d.<\/p>\n<\/div><\/div><\/div><div class=\"fusion-panel panel-default\"><div class=\"panel-heading\"><h4 class=\"panel-title toggle\"><a data-toggle=\"collapse\" data-target=\"#13fba315302c8fae8\" href=\"#13fba315302c8fae8\"><div class=\"fusion-toggle-icon-wrapper\"><i class=\"fa-fusion-box\"><\/i><\/div><div class=\"fusion-toggle-heading\">05 - Gastronomy<\/div><\/a><\/h4><\/div><div id=\"13fba315302c8fae8\" class=\"panel-collapse collapse \"><div class=\"panel-body toggle-content\">\n<p>It\u2019s not a coincidence that the section of the museum dedicated to gastronomy is located in the castle\u2019s former kitchen halls. It shows reproductions of paintings which witness the use of salami in gastronomy in Parma. Salami, up to the 17th\u00a0century, was eaten prevalently cooked, like all other cold cuts. The cooked shoulder, the Cotechino and the Salama of Ferrara used to make sauce are \u201chistorical remnants\u201d of that antique system. Following the improvement of hygienic conditions, starting form the 17thcentury the use of raw cold cuts spread, as documented by several still life paintings presented in this exhibit. Salami was considered the most precious of cold cuts, and rightfully earned the privilege to be used in the centerpiece decoration for the marriage of Giulio Thieni, Count of Scandiano near Reggio Emilia, and Anna Eleonora Sanvitale of Sala Baganza, near Parma.<\/p>\n<p>Moreover, a singular example of integration between the production and the use of salami in a farm owned by the Jesuit Fathers is documented, as the priests would usually offer their production of salami to important Roman prelates, since these cold\u00a0 cuts were considered to be of high value.<\/p>\n<\/div><\/div><\/div><div class=\"fusion-panel panel-default\"><div class=\"panel-heading\"><h4 class=\"panel-title toggle\"><a data-toggle=\"collapse\" data-target=\"#72bb09a4ad9169c5b\" href=\"#72bb09a4ad9169c5b\"><div class=\"fusion-toggle-icon-wrapper\"><i class=\"fa-fusion-box\"><\/i><\/div><div class=\"fusion-toggle-heading\">06 - The Art of Butchery<\/div><\/a><\/h4><\/div><div id=\"72bb09a4ad9169c5b\" class=\"panel-collapse collapse \"><div class=\"panel-body toggle-content\">\n<p>The visit continues in the large hall, where a section dedicated to butchery and to home made salami production\u00a0 is located.\u00a0 A video presenting some photographic sequences narrating all of the phases of the ritual of \u201ckilling\u201d can be seen. In the glass cabinets, a large collection of objects which belonged to butchers and to the farming families of the area can be found. Among these, in particular, on the right side of the room there is a \u201cbutcher\u2019s cloak\u201d.<\/p>\n<p>The butcher is the person who has the knowledge and the competence to kill swine. The word \u201c<i>norcino<\/i>\u201d derives from the town of Norcia in Umbria, since originally these workers came from that area, travelling in the winter season to reach all locations in Italy to butcher swine. The pig owes its name to Maia, the goddess of abundance and of money boxes, traditionally shaped like a small piglet. The butcher was a travelling professional who brought his tools with him, going from family to family, from farm to farm. Because of the great respect that the farming culture had for the figure of the pig, it was killed by means of a stiletto stroke to the heart, so that the animal would not suffer. The \u201c<i>corad\u00f2r<\/i>\u201d or heart knife, which can be seen next to the butcher\u2019s basket, was used. Then, the pig was washed in boiling water, and moved on a cart or sled, an example of which can be seen in the center of the room. It was hung on a fork, shown on the left side of the room, and then it was cut in half, and later sectioned.<\/p>\n<\/div><\/div><\/div><div class=\"fusion-panel panel-default\"><div class=\"panel-heading\"><h4 class=\"panel-title toggle\"><a data-toggle=\"collapse\" data-target=\"#c59e9232b2d165b5d\" href=\"#c59e9232b2d165b5d\"><div class=\"fusion-toggle-icon-wrapper\"><i class=\"fa-fusion-box\"><\/i><\/div><div class=\"fusion-toggle-heading\">07 - Cold cuts and the making of salami<\/div><\/a><\/h4><\/div><div id=\"c59e9232b2d165b5d\" class=\"panel-collapse collapse \"><div class=\"panel-body toggle-content\">\n<p>Every part of the pig was destined for the production of a specific cold cut. The anterior leg was used for Spalla; the hind leg for prosciutto, or, in the low planes, for\u00a0<i>Culatello<\/i>\u00a0and\u00a0<i>Fiocchetto<\/i>. The fat under the skin became precious lard, the meat under the throat was used in the mix to make\u00a0<i>cotechino<\/i>\u00a0and\u00a0<i>zampone<\/i>; the belly was used for Pancetta; the upper part of the neck became\u00a0<i>coppa<\/i>. The lean meat was ground and used as the base of the mix to make salami. In the right hand section of the room some simple tools used to make salami can be seen &#8211; a meat grinder, which could also be used to pack sausages, some needles, cord, and a hand made stuffing machine used to easily fill gut with the meat mix.<\/p>\n<p>History has handed us the saying that \u201cnot one part of pork meat is wasted\u201d and truly in the rural economy every part of the animal had its function, even the hair, which was used for the bristles of brushes. Anything which was left over, after the internal organs, the nails and the hair were taken away,\u00a0 was used to make another cold cut called\u00a0<i>cicciolata<\/i>. Two examples of\u00a0<i>cicciolata<\/i>presses can be seen in the museum, one is located in the kitchen and the other in the following room in the exhibit.<\/p>\n<\/div><\/div><\/div><div class=\"fusion-panel panel-default\"><div class=\"panel-heading\"><h4 class=\"panel-title toggle\"><a data-toggle=\"collapse\" data-target=\"#df9359c6878e404ea\" href=\"#df9359c6878e404ea\"><div class=\"fusion-toggle-icon-wrapper\"><i class=\"fa-fusion-box\"><\/i><\/div><div class=\"fusion-toggle-heading\">08 - Industrial production<\/div><\/a><\/h4><\/div><div id=\"df9359c6878e404ea\" class=\"panel-collapse collapse \"><div class=\"panel-body toggle-content\">\n<p>The next room presents the production technology, describing the main characteristics from the origins to the pre-industrial period, up to contemporary technology, with the \u201cidentity card\u201d of the modern product. Centered in the room like a throne, there is a large red stuffing machine for salami used in one of the first industries in the Felino area. In this section can be found information about the sale and commercial aspects of Salami of Felino dating back to the 1700s.\u00a0 Salami of Felino was made according to a series of precise steps. The gourd meat was mixed<\/p>\n<p>with salt and seasoning, and wet with white wine. In the Salami of Felino pepper is used as well, a rare and expensive spice which tells us the commercial and gastronomic value given to this product throughout the centuries. After the seasoning, the mix was put into the stuffing machine and used to fill the casing.\u00a0 Salami had to quickly dry next to a fire or in another warm room. After a few days of drying, they were brought into the cellar to be dried. The processing took place during the coldest time of the year, since there were no other methods of food storage, the cold occurring in winter had to be taken advantage of.<\/p>\n<\/div><\/div><\/div><div class=\"fusion-panel panel-default\"><div class=\"panel-heading\"><h4 class=\"panel-title toggle\"><a data-toggle=\"collapse\" data-target=\"#00ec6a928a73a7e90\" href=\"#00ec6a928a73a7e90\"><div class=\"fusion-toggle-icon-wrapper\"><i class=\"fa-fusion-box\"><\/i><\/div><div class=\"fusion-toggle-heading\">09 -The video<\/div><\/a><\/h4><\/div><div id=\"00ec6a928a73a7e90\" class=\"panel-collapse collapse \"><div class=\"panel-body toggle-content\">\n<p>The last room is dedicated to the Museum\u2019s video, which shows highlights evoking the ancient technique of production, followed by a sequence dedicated to modern production.<\/p>\n<\/div><\/div><\/div><div class=\"fusion-panel panel-default\"><div class=\"panel-heading\"><h4 class=\"panel-title toggle\"><a data-toggle=\"collapse\" data-target=\"#b5b9236e841bef45d\" href=\"#b5b9236e841bef45d\"><div class=\"fusion-toggle-icon-wrapper\"><i class=\"fa-fusion-box\"><\/i><\/div><div class=\"fusion-toggle-heading\">10 - Curiosities about Salami<\/div><\/a><\/h4><\/div><div id=\"b5b9236e841bef45d\" class=\"panel-collapse collapse \"><div class=\"panel-body toggle-content\">\n<p>Proceeding back towards the entrance, in the large hall, the panels on the left side present some curious facts about salami through documents and images. For example, the story of the army of the Duke of Parma, whose soldiers, who were more engaged in eating than in fighting, had been nicknamed \u201c<i>salamari<\/i>\u201d or salami eaters, or the humor of Guillaume Du Tillot, prime minister of the Duke of Parma in the second half of 1700s who, when given the title of Marquis of Felino, said that he had become the \u201chead of a town of salami\u201d.<\/p>\n<p>And at last, we must remember that in the Parma dialect the pig had two names: when alive, it was called \u201c<i>gos\u00e9<\/i>\u201d and when it was dead it\u00a0 was called \u201c<i>al nimel<\/i>\u201d, the animal per excellence, which could insure the survival of a farming family even through the years of famine.<\/p>\n<p>The visit to the museum ends appropriately with the sampling of a salami based menu at the charming restaurant in the Castle.<\/p>\n<\/div><\/div><\/div><\/div><\/div><div class=\"fusion-clearfix\"><\/div>\n\n\t\t\t\t\t<\/div>\n\t\t\t\t<\/div><\/div><\/div>\n","protected":false},"excerpt":{"rendered":"","protected":false},"author":1,"featured_media":0,"parent":0,"menu_order":2,"comment_status":"closed","ping_status":"closed","template":"","meta":[],"_links":{"self":[{"href":"https:\/\/salamedifelino.museidelcibo.it\/en\/wp-json\/wp\/v2\/pages\/692"}],"collection":[{"href":"https:\/\/salamedifelino.museidelcibo.it\/en\/wp-json\/wp\/v2\/pages"}],"about":[{"href":"https:\/\/salamedifelino.museidelcibo.it\/en\/wp-json\/wp\/v2\/types\/page"}],"author":[{"embeddable":true,"href":"https:\/\/salamedifelino.museidelcibo.it\/en\/wp-json\/wp\/v2\/users\/1"}],"replies":[{"embeddable":true,"href":"https:\/\/salamedifelino.museidelcibo.it\/en\/wp-json\/wp\/v2\/comments?post=692"}],"version-history":[{"count":0,"href":"https:\/\/salamedifelino.museidelcibo.it\/en\/wp-json\/wp\/v2\/pages\/692\/revisions"}],"wp:attachment":[{"href":"https:\/\/salamedifelino.museidelcibo.it\/en\/wp-json\/wp\/v2\/media?parent=692"}],"curies":[{"name":"wp","href":"https:\/\/api.w.org\/{rel}","templated":true}]}}